{"id":2500,"date":"2017-04-12T11:40:30","date_gmt":"2017-04-12T09:40:30","guid":{"rendered":"https:\/\/restech.it\/oscillometria\/"},"modified":"2024-02-09T12:57:09","modified_gmt":"2024-02-09T10:57:09","slug":"oscillometria","status":"publish","type":"page","link":"https:\/\/restech.it\/it\/oscillometria\/","title":{"rendered":"Oscillometria"},"content":{"rendered":"<p>[et_pb_section fb_built=&#8221;1&#8243; fullwidth=&#8221;on&#8221; admin_label=&#8221;Section video&#8221; _builder_version=&#8221;4.21.0&#8243; _module_preset=&#8221;default&#8221; custom_padding=&#8221;||||false|false&#8221; top_divider_color=&#8221;#AAC02C&#8221; custom_css_main_element=&#8221;position:relative;&#8221; locked=&#8221;off&#8221; global_colors_info=&#8221;{}&#8221;][et_pb_fullwidth_code _builder_version=&#8221;4.24.0&#8243; _module_preset=&#8221;default&#8221; hover_enabled=&#8221;0&#8243; global_colors_info=&#8221;{}&#8221; sticky_enabled=&#8221;0&#8243;]<iframe src=https:\/\/player.vimeo.com\/video\/911513251?background=1&#038;\"<!-- [et_pb_line_break_holder] -->autoplay=1&#038;muted=1&#038;loop=1&#038;autopause=0&#8243; width=&#8221;1920&#8243; height=&#8221;1080&#8243; frameborder=&#8221;0&#8243; allow=&#8221;autoplay; fullscreen; picture-in-picture&#8221; allowfullscreen><\/iframe>[\/et_pb_fullwidth_code][\/et_pb_section][et_pb_section fb_built=&#8221;1&#8243; custom_padding_last_edited=&#8221;on|phone&#8221; admin_label=&#8221;Section about oscillometry&#8221; _builder_version=&#8221;4.22.1&#8243; _module_preset=&#8221;default&#8221; custom_padding=&#8221;73px||50px|||&#8221; custom_padding_tablet=&#8221;73px||50px|||&#8221; custom_padding_phone=&#8221;0px||10px||false|false&#8221; top_divider_style=&#8221;wave2&#8243; top_divider_color=&#8221;#f2f2f2&#8243; top_divider_flip=&#8221;vertical&#8221; top_divider_height_tablet=&#8221;&#8221; top_divider_height_phone=&#8221;81px&#8221; top_divider_height_last_edited=&#8221;on|phone&#8221; bottom_divider_style=&#8221;wave2&#8243; bottom_divider_color=&#8221;#f2f2f2&#8243; bottom_divider_height=&#8221;50px&#8221; bottom_divider_repeat=&#8221;1x&#8221; bottom_divider_height_tablet=&#8221;105px&#8221; bottom_divider_height_phone=&#8221;52px&#8221; bottom_divider_height_last_edited=&#8221;off|desktop&#8221; global_colors_info=&#8221;{}&#8221;][et_pb_row column_structure=&#8221;1_2,1_2&#8243; custom_padding_last_edited=&#8221;on|phone&#8221; module_class=&#8221;custom_row&#8221; _builder_version=&#8221;4.22.1&#8243; _module_preset=&#8221;default&#8221; width_tablet=&#8221;&#8221; width_phone=&#8221;80%&#8221; width_last_edited=&#8221;on|phone&#8221; custom_padding_tablet=&#8221;92px||||false|false&#8221; custom_padding_phone=&#8221;0px||0px||false|false&#8221; global_colors_info=&#8221;{}&#8221;][et_pb_column type=&#8221;1_2&#8243; module_class=&#8221;first-on-mobile&#8221; _builder_version=&#8221;4.21.0&#8243; _module_preset=&#8221;default&#8221; custom_padding=&#8221;||||false|false&#8221; sticky_limit_bottom=&#8221;row&#8221; sticky_position_tablet=&#8221;none&#8221; sticky_position_last_edited=&#8221;off|desktop&#8221; global_colors_info=&#8221;{}&#8221;][et_pb_text _builder_version=&#8221;4.23.1&#8243; _module_preset=&#8221;default&#8221; header_text_color=&#8221;#AAC02C&#8221; header_2_text_color=&#8221;#AAC02C&#8221; header_2_font_size=&#8221;31px&#8221; custom_margin=&#8221;1px|||||&#8221; header_2_font_size_tablet=&#8221;31px&#8221; header_2_font_size_phone=&#8221;26px&#8221; header_2_font_size_last_edited=&#8221;on|phone&#8221; global_colors_info=&#8221;{}&#8221;]<\/p>\n<h2><strong>Oscillometria<\/strong><\/h2>\n<p>L&#8217;oscillometria, nota anche come Tecnica delle Oscillazioni Forzate (FOT), \u00e8 un metodo non invasivo per misurare la difficolt\u00e0 di movimento dell&#8217;aria attraverso il sistema respiratorio. Tale &#8220;impedimento&#8221; \u00e8 quantificato combinando la forza utilizzata per far muovere l&#8217;aria (cio\u00e8 lo stimolo di pressione fornito dallo strumento) con la quantit\u00e0 effettiva di aria spostata (cio\u00e8 il flusso d&#8217;aria) e calcolando l&#8217;<strong>IMPEDENZA RESPIRATORIA<\/strong>.<\/p>\n<p>Dal punto di vista di analisi dei risultati, \u00e8 possibile separare tali contributi suddividendo l&#8217;IMPEDENZA in <strong>RESISTENZA RESPIRATORIA (Rrs)<\/strong> e <strong>REATTANZA (Xrs)<\/strong>.<\/p>\n<p>[\/et_pb_text][et_pb_image src=&#8221;https:\/\/restech.it\/wp-content\/uploads\/2024\/01\/SchemaITA-zrs-xrs-new.png&#8221; title_text=&#8221;SchemaITA-zrs-xrs-new&#8221; _builder_version=&#8221;4.23.4&#8243; _module_preset=&#8221;default&#8221; max_width=&#8221;69%&#8221; max_width_tablet=&#8221;69%&#8221; max_width_phone=&#8221;100%&#8221; max_width_last_edited=&#8221;on|phone&#8221; module_alignment=&#8221;left&#8221; animation_style=&#8221;slide&#8221; animation_direction=&#8221;top&#8221; animation_intensity_slide=&#8221;10%&#8221; module_alignment_tablet=&#8221;left&#8221; module_alignment_phone=&#8221;center&#8221; module_alignment_last_edited=&#8221;on|phone&#8221; global_colors_info=&#8221;{}&#8221;][\/et_pb_image][\/et_pb_column][et_pb_column type=&#8221;1_2&#8243; module_class=&#8221;Second-on-mobile&#8221; _builder_version=&#8221;4.21.0&#8243; _module_preset=&#8221;default&#8221; global_colors_info=&#8221;{}&#8221;][et_pb_image src=&#8221;https:\/\/restech.it\/wp-content\/uploads\/2023\/08\/Polmoni_1.png&#8221; title_text=&#8221;Polmoni_1&#8243; align=&#8221;center&#8221; _builder_version=&#8221;4.21.0&#8243; _module_preset=&#8221;default&#8221; animation_style=&#8221;slide&#8221; global_colors_info=&#8221;{}&#8221;][\/et_pb_image][\/et_pb_column][\/et_pb_row][\/et_pb_section][et_pb_section fb_built=&#8221;1&#8243; custom_padding_last_edited=&#8221;on|phone&#8221; admin_label=&#8221;how to&#8230;&#8221; _builder_version=&#8221;4.22.1&#8243; _module_preset=&#8221;default&#8221; custom_padding=&#8221;9px||||false|false&#8221; custom_padding_tablet=&#8221;9px||||false|false&#8221; custom_padding_phone=&#8221;5px||0px||false|false&#8221; top_divider_style=&#8221;curve2&#8243; top_divider_color=&#8221;#f2f2f2&#8243; top_divider_flip=&#8221;vertical&#8221; top_divider_height_tablet=&#8221;&#8221; top_divider_height_phone=&#8221;50px&#8221; top_divider_height_last_edited=&#8221;on|phone&#8221; bottom_divider_style=&#8221;curve2&#8243; bottom_divider_color=&#8221;RGBA(255,255,255,0)&#8221; bottom_divider_height=&#8221;73px&#8221; bottom_divider_repeat=&#8221;1x&#8221; bottom_divider_color_tablet=&#8221;#f5f5f5&#8243; bottom_divider_color_phone=&#8221;#f5f5f5&#8243; bottom_divider_color_last_edited=&#8221;off|desktop&#8221; bottom_divider_height_tablet=&#8221;105px&#8221; bottom_divider_height_phone=&#8221;52px&#8221; bottom_divider_height_last_edited=&#8221;on|phone&#8221; global_module=&#8221;2592&#8243; saved_tabs=&#8221;all&#8221; locked=&#8221;off&#8221; global_colors_info=&#8221;{}&#8221;][et_pb_row _builder_version=&#8221;4.22.1&#8243; _module_preset=&#8221;default&#8221; custom_margin=&#8221;30px||||false|false&#8221; custom_margin_tablet=&#8221;&#8221; custom_margin_phone=&#8221;10px||||false|false&#8221; custom_margin_last_edited=&#8221;on|phone&#8221; global_colors_info=&#8221;{}&#8221;][et_pb_column type=&#8221;4_4&#8243; _builder_version=&#8221;4.21.0&#8243; _module_preset=&#8221;default&#8221; global_colors_info=&#8221;{}&#8221;][et_pb_text _builder_version=&#8221;4.23.1&#8243; _module_preset=&#8221;default&#8221; link_text_color=&#8221;#AAC02C&#8221; text_orientation=&#8221;center&#8221; module_alignment=&#8221;center&#8221; custom_margin=&#8221;||||false|false&#8221; custom_padding=&#8221;10px|10%|10px|10%|false|true&#8221; link_option_url=&#8221;\/it\/oscillometria\/oscillometria-come-funziona-e-cosa-puo-misurare\/&#8221; header_font_size_tablet=&#8221;&#8221; header_font_size_phone=&#8221;26px&#8221; header_font_size_last_edited=&#8221;on|phone&#8221; border_radii=&#8221;on|20px|20px|20px|20px&#8221; border_width_all=&#8221;1px&#8221; border_color_all=&#8221;#DDDDDF&#8221; global_colors_info=&#8221;{}&#8221;]<\/p>\n<h1>Oscillometria:<br \/>Come funziona e cosa pu\u00f2 misurare<\/h1>\n<p><a href=\"https:\/\/restech.it\/it\/oscillometria\/oscillometria-come-funziona-e-cosa-puo-misurare\/\"><span style=\"font-weight: 800;\">Leggi di pi\u00f9<\/span><\/a><\/p>\n<p>[\/et_pb_text][et_pb_text _builder_version=&#8221;4.21.0&#8243; _module_preset=&#8221;default&#8221; background_color=&#8221;#AAC02C&#8221; max_width=&#8221;40%&#8221; module_alignment=&#8221;center&#8221; height=&#8221;2px&#8221; global_colors_info=&#8221;{}&#8221;][\/et_pb_text][et_pb_text _builder_version=&#8221;4.23.1&#8243; _module_preset=&#8221;default&#8221; link_text_color=&#8221;#AAC02C&#8221; text_orientation=&#8221;center&#8221; module_alignment=&#8221;center&#8221; custom_margin=&#8221;||||false|false&#8221; custom_padding=&#8221;10px|10%|10px|10%|false|true&#8221; link_option_url=&#8221;\/it\/oscillometria\/come-si-effettua-un-test-di-oscillometria\/&#8221; header_font_size_tablet=&#8221;&#8221; header_font_size_phone=&#8221;26px&#8221; header_font_size_last_edited=&#8221;on|phone&#8221; header_line_height_tablet=&#8221;&#8221; header_line_height_phone=&#8221;1.1em&#8221; header_line_height_last_edited=&#8221;on|phone&#8221; border_radii=&#8221;on|20px|20px|20px|20px&#8221; border_width_all=&#8221;1px&#8221; border_color_all=&#8221;#DDDDDF&#8221; global_colors_info=&#8221;{}&#8221;]<\/p>\n<h1>Come si effettua un test di oscillometria<\/h1>\n<p><a href=\"\/it\/oscillometria\/come-si-effettua-un-test-di-oscillometria\/\"><span style=\"font-weight: 800;\">Leggi di pi\u00f9<\/span><\/a>[\/et_pb_text][et_pb_text _builder_version=&#8221;4.21.0&#8243; _module_preset=&#8221;default&#8221; background_color=&#8221;#AAC02C&#8221; max_width=&#8221;40%&#8221; module_alignment=&#8221;center&#8221; height=&#8221;2px&#8221; global_colors_info=&#8221;{}&#8221;][\/et_pb_text][et_pb_text _builder_version=&#8221;4.23.1&#8243; _module_preset=&#8221;default&#8221; link_text_color=&#8221;#AAC02C&#8221; text_orientation=&#8221;center&#8221; module_alignment=&#8221;center&#8221; custom_margin=&#8221;||||false|false&#8221; custom_padding=&#8221;10px|10%|10px|10%|false|false&#8221; link_option_url=&#8221;\/it\/oscillometria\/come-valutare-i-risultati-di-un-test-di-oscillometria\/&#8221; header_font_size_tablet=&#8221;&#8221; header_font_size_phone=&#8221;26px&#8221; header_font_size_last_edited=&#8221;on|phone&#8221; border_radii=&#8221;on|20px|20px|20px|20px&#8221; border_width_all=&#8221;1px&#8221; border_color_all=&#8221;#DDDDDF&#8221; global_colors_info=&#8221;{}&#8221;]<\/p>\n<h1>Come valutare i risultati di un test di oscillometria<\/h1>\n<p><a href=\"\/it\/oscillometria\/come-valutare-i-risultati-di-un-test-di-oscillometria\/\"><span style=\"font-weight: 800;\">Leggi di pi\u00f9<\/span><\/a>[\/et_pb_text][\/et_pb_column][\/et_pb_row][\/et_pb_section][et_pb_section fb_built=&#8221;1&#8243; custom_padding_last_edited=&#8221;on|phone&#8221; disabled_on=&#8221;on|on|on&#8221; admin_label=&#8221;evento settembre&#8221; _builder_version=&#8221;4.22.1&#8243; _module_preset=&#8221;default&#8221; custom_padding=&#8221;95px|||||&#8221; custom_padding_tablet=&#8221;95px|||||&#8221; custom_padding_phone=&#8221;20px||0px||false|false&#8221; top_divider_style=&#8221;wave2&#8243; top_divider_color=&#8221;#f5f5f5&#8243; top_divider_height=&#8221;75px&#8221; top_divider_repeat=&#8221;1x&#8221; top_divider_height_tablet=&#8221;75px&#8221; top_divider_height_phone=&#8221;41px&#8221; top_divider_height_last_edited=&#8221;on|phone&#8221; disabled=&#8221;on&#8221; global_colors_info=&#8221;{}&#8221;][et_pb_row custom_padding_last_edited=&#8221;on|desktop&#8221; _builder_version=&#8221;4.22.1&#8243; _module_preset=&#8221;default&#8221; width=&#8221;100%&#8221; max_width=&#8221;1280px&#8221; custom_margin_tablet=&#8221;&#8221; custom_margin_phone=&#8221;||0px||false|false&#8221; custom_margin_last_edited=&#8221;on|phone&#8221; custom_padding_tablet=&#8221;&#8221; custom_padding_phone=&#8221;&#8221; global_colors_info=&#8221;{}&#8221;][et_pb_column type=&#8221;4_4&#8243; _builder_version=&#8221;4.21.0&#8243; _module_preset=&#8221;default&#8221; global_colors_info=&#8221;{}&#8221;][et_pb_text _builder_version=&#8221;4.22.1&#8243; _module_preset=&#8221;default&#8221; link_text_color=&#8221;#AAC02C&#8221; header_text_color=&#8221;#AAC02C&#8221; header_font_size=&#8221;33px&#8221; header_line_height=&#8221;0.8em&#8221; header_2_font_size=&#8221;24px&#8221; text_orientation=&#8221;center&#8221; max_width=&#8221;70%&#8221; module_alignment=&#8221;center&#8221; custom_margin=&#8221;||||false|false&#8221; custom_margin_tablet=&#8221;||||false|false&#8221; custom_margin_phone=&#8221;||0px||false|false&#8221; custom_margin_last_edited=&#8221;on|phone&#8221; custom_padding=&#8221;10px|10px|10px|10px|false|false&#8221; custom_padding_tablet=&#8221;10px|10px|10px|10px|false|false&#8221; custom_padding_phone=&#8221;0px|0px|0px|0px|false|false&#8221; custom_padding_last_edited=&#8221;on|phone&#8221; animation_style=&#8221;zoom&#8221; header_font_size_tablet=&#8221;33px&#8221; header_font_size_phone=&#8221;26px&#8221; header_font_size_last_edited=&#8221;on|phone&#8221; header_line_height_tablet=&#8221;0.8em&#8221; header_line_height_phone=&#8221;1.01em&#8221; header_line_height_last_edited=&#8221;on|phone&#8221; border_color_all=&#8221;#DDDDDF&#8221; global_colors_info=&#8221;{}&#8221;]<\/p>\n<h2 class=\"p1\">Restech ti aspetta a<\/h2>\n<h1 class=\"p1\">il Congresso Internazionale ERS 2023!<\/h1>\n<p>[\/et_pb_text][et_pb_text _builder_version=&#8221;4.22.1&#8243; _module_preset=&#8221;default&#8221; header_4_line_height=&#8221;1.2em&#8221; text_orientation=&#8221;center&#8221; max_width=&#8221;66%&#8221; max_width_tablet=&#8221;66%&#8221; max_width_phone=&#8221;90%&#8221; max_width_last_edited=&#8221;on|phone&#8221; module_alignment=&#8221;center&#8221; custom_margin=&#8221;||9px|||&#8221; animation_style=&#8221;slide&#8221; animation_direction=&#8221;bottom&#8221; animation_intensity_slide=&#8221;5%&#8221; border_color_bottom=&#8221;#DDDDDF&#8221; global_colors_info=&#8221;{}&#8221;]<\/p>\n<h4>Il Congresso internazionale della European Respiratory Society (ERS) \u00e8 un evento annuale che riunisce gli esperti respiratori del mondo per mostrare tutti gli ultimi progressi nella medicina e nella scienza respiratoria.<\/h4>\n<div class=\"\"><\/div>\n<p>[\/et_pb_text][et_pb_text _builder_version=&#8221;4.22.1&#8243; _module_preset=&#8221;default&#8221; header_3_text_color=&#8221;#AAC02C&#8221; header_4_line_height=&#8221;1.2em&#8221; text_orientation=&#8221;center&#8221; max_width=&#8221;58%&#8221; max_width_tablet=&#8221;58%&#8221; max_width_phone=&#8221;84%&#8221; max_width_last_edited=&#8221;on|phone&#8221; module_alignment=&#8221;center&#8221; custom_padding=&#8221;10px||||false|false&#8221; animation_style=&#8221;slide&#8221; animation_direction=&#8221;top&#8221; animation_delay=&#8221;200ms&#8221; animation_intensity_slide=&#8221;10%&#8221; border_width_top=&#8221;1px&#8221; border_color_top=&#8221;#DDDDDF&#8221; global_colors_info=&#8221;{}&#8221;]<\/p>\n<p>Il Congresso Internazionale ERS 2023 si svolger\u00e0 presso:<\/p>\n<h4>MiCo in Milano, Italia<\/h4>\n<h3>dal 9 al 13 settembre 2023<\/h3>\n<p>[\/et_pb_text][\/et_pb_column][\/et_pb_row][\/et_pb_section][et_pb_section fb_built=&#8221;1&#8243; disabled_on=&#8221;on|on|on&#8221; admin_label=&#8221;Section testimonianze&#8221; _builder_version=&#8221;4.21.0&#8243; _module_preset=&#8221;default&#8221; background_color=&#8221;#f1f1f1&#8243; custom_padding=&#8221;95px|||||&#8221; top_divider_style=&#8221;wave2&#8243; top_divider_color=&#8221;#FFFFFF&#8221; top_divider_height=&#8221;75px&#8221; top_divider_repeat=&#8221;1x&#8221; disabled=&#8221;on&#8221; global_colors_info=&#8221;{}&#8221;][et_pb_row _builder_version=&#8221;4.21.0&#8243; _module_preset=&#8221;default&#8221; width=&#8221;100%&#8221; max_width=&#8221;1280px&#8221; global_colors_info=&#8221;{}&#8221;][et_pb_column type=&#8221;4_4&#8243; _builder_version=&#8221;4.21.0&#8243; _module_preset=&#8221;default&#8221; global_colors_info=&#8221;{}&#8221;][et_pb_text _builder_version=&#8221;4.21.0&#8243; _module_preset=&#8221;default&#8221; link_text_color=&#8221;#AAC02C&#8221; text_orientation=&#8221;center&#8221; max_width=&#8221;70%&#8221; module_alignment=&#8221;center&#8221; custom_margin=&#8221;||||false|false&#8221; custom_padding=&#8221;10px|10px|10px|10px|false|false&#8221; border_color_all=&#8221;#DDDDDF&#8221; global_colors_info=&#8221;{}&#8221;]<\/p>\n<h1 class=\"p1\">In che modo i casi reali dei pazienti mostrano le applicazioni pratiche dell&#8217;oscillometria nell&#8217;assistenza sanitaria respiratoria?<\/h1>\n<p>[\/et_pb_text][et_pb_blog_extras posts_number=&#8221;6&#8243; include_categories=&#8221;14&#8243; blog_layout=&#8221;slider&#8221; slider_layout=&#8221;grid_extended&#8221; show_thumbnail=&#8221;off&#8221; excerpt_length=&#8221;80&#8243; show_author=&#8221;off&#8221; category_meta_colors=&#8221;on&#8221; category_color=&#8221;#AAC02C&#8221; category_background_color=&#8221;RGBA(255,255,255,0)&#8221; show_comments=&#8221;off&#8221; module_class=&#8221;BlogNewsW &#8221; slides_per_view=&#8221;3&#8243; autoplay=&#8221;off&#8221; slide_transition_duration=&#8221;2000&#8243; show_control_dot=&#8221;on&#8221; masonry_columns_tablet=&#8221;2&#8243; masonry_columns_phone=&#8221;1&#8243; masonry_columns_last_edited=&#8221;on|phone&#8221; column_spacing_tablet=&#8221;40px&#8221; column_spacing_phone=&#8221;30px&#8221; column_spacing_last_edited=&#8221;on|phone&#8221; _builder_version=&#8221;4.21.0&#8243; _module_preset=&#8221;default&#8221; header_font_size=&#8221;16px&#8221; body_line_height=&#8221;1.26em&#8221; background_color=&#8221;RGBA(255,255,255,0)&#8221; custom_ajax_pagination=&#8221;on&#8221; ajax_pagination_text_color=&#8221;#AAC02C&#8221; ajax_pagination_bg_color=&#8221;#f2f2f2&#8243; ajax_pagination_icon=&#8221;&#x45;||divi||400&#8243; ajax_pagination_icon_color=&#8221;#E5E8C9&#8243; custom_css_title=&#8221;border-bottom:1px solid #aac02c;||min-height:50px;||&#8221; border_width_all=&#8221;1px&#8221; border_color_all=&#8221;#DDDDDF&#8221; global_colors_info=&#8221;{}&#8221;][\/et_pb_blog_extras][et_pb_button button_url=&#8221;https:\/\/restech.it\/category\/casi-clinici\/&#8221; button_text=&#8221;Scopri di pi\u00f9&#8221; button_alignment=&#8221;center&#8221; module_class=&#8221;bottonStyle&#8221; _builder_version=&#8221;4.21.0&#8243; _module_preset=&#8221;default&#8221; global_colors_info=&#8221;{}&#8221;][\/et_pb_button][\/et_pb_column][\/et_pb_row][\/et_pb_section][et_pb_section fb_built=&#8221;1&#8243; disabled_on=&#8221;on|on|on&#8221; admin_label=&#8221;Section testimonianze&#8221; _builder_version=&#8221;4.21.0&#8243; _module_preset=&#8221;default&#8221; background_color=&#8221;#FFFFFF&#8221; custom_padding=&#8221;95px|||||&#8221; top_divider_style=&#8221;wave2&#8243; top_divider_color=&#8221;#f2f2f2&#8243; top_divider_height=&#8221;75px&#8221; top_divider_repeat=&#8221;1x&#8221; top_divider_flip=&#8221;vertical&#8221; disabled=&#8221;on&#8221; global_colors_info=&#8221;{}&#8221;][et_pb_row _builder_version=&#8221;4.21.0&#8243; _module_preset=&#8221;default&#8221; width=&#8221;100%&#8221; max_width=&#8221;1280px&#8221; global_colors_info=&#8221;{}&#8221;][et_pb_column type=&#8221;4_4&#8243; _builder_version=&#8221;4.21.0&#8243; _module_preset=&#8221;default&#8221; global_colors_info=&#8221;{}&#8221;][et_pb_text _builder_version=&#8221;4.21.0&#8243; _module_preset=&#8221;default&#8221; link_text_color=&#8221;#AAC02C&#8221; text_orientation=&#8221;center&#8221; max_width=&#8221;70%&#8221; module_alignment=&#8221;center&#8221; custom_margin=&#8221;||||false|false&#8221; custom_padding=&#8221;10px|10px|10px|10px|false|false&#8221; border_color_all=&#8221;#DDDDDF&#8221; global_colors_info=&#8221;{}&#8221;]<\/p>\n<h1>Quali sono le ultime novit\u00e0 e <br \/>pubblicazione rilevante sull&#8217;oscillometria?<\/h1>\n<p>[\/et_pb_text][et_pb_blog_extras posts_number=&#8221;6&#8243; include_categories=&#8221;13,10,12,11,9&#8243; blog_layout=&#8221;slider&#8221; slider_layout=&#8221;grid_extended&#8221; show_thumbnail=&#8221;off&#8221; excerpt_length=&#8221;80&#8243; show_author=&#8221;off&#8221; category_meta_colors=&#8221;on&#8221; category_color=&#8221;#AAC02C&#8221; category_background_color=&#8221;RGBA(255,255,255,0)&#8221; show_comments=&#8221;off&#8221; module_class=&#8221;BlogNewsW &#8221; slides_per_view=&#8221;3&#8243; autoplay=&#8221;off&#8221; slide_transition_duration=&#8221;2000&#8243; show_control_dot=&#8221;on&#8221; masonry_columns_tablet=&#8221;2&#8243; masonry_columns_phone=&#8221;1&#8243; masonry_columns_last_edited=&#8221;on|phone&#8221; column_spacing_tablet=&#8221;40px&#8221; column_spacing_phone=&#8221;30px&#8221; column_spacing_last_edited=&#8221;on|phone&#8221; _builder_version=&#8221;4.21.0&#8243; _module_preset=&#8221;default&#8221; header_font_size=&#8221;16px&#8221; body_line_height=&#8221;1.26em&#8221; background_color=&#8221;RGBA(255,255,255,0)&#8221; custom_ajax_pagination=&#8221;on&#8221; ajax_pagination_text_color=&#8221;#AAC02C&#8221; ajax_pagination_bg_color=&#8221;#f2f2f2&#8243; ajax_pagination_icon=&#8221;&#x45;||divi||400&#8243; ajax_pagination_icon_color=&#8221;#E5E8C9&#8243; custom_css_title=&#8221;border-bottom:1px solid #aac02c;||min-height:60px;&#8221; border_width_all=&#8221;1px&#8221; border_color_all=&#8221;#DDDDDF&#8221; global_colors_info=&#8221;{}&#8221;][\/et_pb_blog_extras][et_pb_button button_url=&#8221;https:\/\/restech.it\/oscillometry-news\/&#8221; button_text=&#8221;Scopri di pi\u00f9&#8221; button_alignment=&#8221;center&#8221; module_class=&#8221;bottonStyle&#8221; _builder_version=&#8221;4.21.0&#8243; _module_preset=&#8221;default&#8221; global_colors_info=&#8221;{}&#8221;][\/et_pb_button][\/et_pb_column][\/et_pb_row][\/et_pb_section]<\/p>\n","protected":false},"excerpt":{"rendered":"","protected":false},"author":2,"featured_media":0,"parent":0,"menu_order":45,"comment_status":"closed","ping_status":"closed","template":"","meta":{"_acf_changed":false,"_et_pb_use_builder":"on","_et_pb_old_content":"","_et_gb_content_width":"","content-type":"","footnotes":""},"class_list":["post-2500","page","type-page","status-publish","hentry"],"acf":[],"yoast_head":"<!-- This site is optimized with the Yoast SEO plugin v27.3 - https:\/\/yoast.com\/product\/yoast-seo-wordpress\/ -->\n<title>Oscillometria - Restech<\/title>\n<meta name=\"robots\" content=\"index, follow, max-snippet:-1, max-image-preview:large, max-video-preview:-1\" \/>\n<link rel=\"canonical\" href=\"https:\/\/www.restech.it\/it\/oscillometria\/\" \/>\n<meta property=\"og:locale\" content=\"it_IT\" \/>\n<meta property=\"og:type\" content=\"article\" \/>\n<meta property=\"og:title\" content=\"Oscillometria - Restech\" \/>\n<meta property=\"og:url\" content=\"https:\/\/www.restech.it\/it\/oscillometria\/\" \/>\n<meta property=\"og:site_name\" content=\"Restech\" \/>\n<meta property=\"article:publisher\" content=\"https:\/\/www.facebook.com\/respiratorytechnology\/\" \/>\n<meta property=\"article:modified_time\" content=\"2024-02-09T10:57:09+00:00\" \/>\n<meta name=\"twitter:card\" content=\"summary_large_image\" \/>\n<meta name=\"twitter:label1\" content=\"Tempo di lettura stimato\" \/>\n\t<meta name=\"twitter:data1\" content=\"3 minuti\" \/>\n<script type=\"application\/ld+json\" class=\"yoast-schema-graph\">{\"@context\":\"https:\\\/\\\/schema.org\",\"@graph\":[{\"@type\":\"WebPage\",\"@id\":\"https:\\\/\\\/www.restech.it\\\/it\\\/oscillometria\\\/\",\"url\":\"https:\\\/\\\/www.restech.it\\\/it\\\/oscillometria\\\/\",\"name\":\"Oscillometria - Restech\",\"isPartOf\":{\"@id\":\"https:\\\/\\\/www.restech.it\\\/#website\"},\"datePublished\":\"2017-04-12T09:40:30+00:00\",\"dateModified\":\"2024-02-09T10:57:09+00:00\",\"breadcrumb\":{\"@id\":\"https:\\\/\\\/www.restech.it\\\/it\\\/oscillometria\\\/#breadcrumb\"},\"inLanguage\":\"it-IT\",\"potentialAction\":[{\"@type\":\"ReadAction\",\"target\":[\"https:\\\/\\\/www.restech.it\\\/it\\\/oscillometria\\\/\"]}]},{\"@type\":\"BreadcrumbList\",\"@id\":\"https:\\\/\\\/www.restech.it\\\/it\\\/oscillometria\\\/#breadcrumb\",\"itemListElement\":[{\"@type\":\"ListItem\",\"position\":1,\"name\":\"Home\",\"item\":\"https:\\\/\\\/www.restech.it\\\/it\\\/\"},{\"@type\":\"ListItem\",\"position\":2,\"name\":\"Oscillometria\"}]},{\"@type\":\"WebSite\",\"@id\":\"https:\\\/\\\/www.restech.it\\\/#website\",\"url\":\"https:\\\/\\\/www.restech.it\\\/\",\"name\":\"Restech\",\"description\":\"Respiratory Technology\",\"potentialAction\":[{\"@type\":\"SearchAction\",\"target\":{\"@type\":\"EntryPoint\",\"urlTemplate\":\"https:\\\/\\\/www.restech.it\\\/?s={search_term_string}\"},\"query-input\":{\"@type\":\"PropertyValueSpecification\",\"valueRequired\":true,\"valueName\":\"search_term_string\"}}],\"inLanguage\":\"it-IT\"}]}<\/script>\n<!-- \/ Yoast SEO plugin. -->","yoast_head_json":{"title":"Oscillometria - Restech","robots":{"index":"index","follow":"follow","max-snippet":"max-snippet:-1","max-image-preview":"max-image-preview:large","max-video-preview":"max-video-preview:-1"},"canonical":"https:\/\/www.restech.it\/it\/oscillometria\/","og_locale":"it_IT","og_type":"article","og_title":"Oscillometria - Restech","og_url":"https:\/\/www.restech.it\/it\/oscillometria\/","og_site_name":"Restech","article_publisher":"https:\/\/www.facebook.com\/respiratorytechnology\/","article_modified_time":"2024-02-09T10:57:09+00:00","twitter_card":"summary_large_image","twitter_misc":{"Tempo di lettura stimato":"3 minuti"},"schema":{"@context":"https:\/\/schema.org","@graph":[{"@type":"WebPage","@id":"https:\/\/www.restech.it\/it\/oscillometria\/","url":"https:\/\/www.restech.it\/it\/oscillometria\/","name":"Oscillometria - Restech","isPartOf":{"@id":"https:\/\/www.restech.it\/#website"},"datePublished":"2017-04-12T09:40:30+00:00","dateModified":"2024-02-09T10:57:09+00:00","breadcrumb":{"@id":"https:\/\/www.restech.it\/it\/oscillometria\/#breadcrumb"},"inLanguage":"it-IT","potentialAction":[{"@type":"ReadAction","target":["https:\/\/www.restech.it\/it\/oscillometria\/"]}]},{"@type":"BreadcrumbList","@id":"https:\/\/www.restech.it\/it\/oscillometria\/#breadcrumb","itemListElement":[{"@type":"ListItem","position":1,"name":"Home","item":"https:\/\/www.restech.it\/it\/"},{"@type":"ListItem","position":2,"name":"Oscillometria"}]},{"@type":"WebSite","@id":"https:\/\/www.restech.it\/#website","url":"https:\/\/www.restech.it\/","name":"Restech","description":"Respiratory Technology","potentialAction":[{"@type":"SearchAction","target":{"@type":"EntryPoint","urlTemplate":"https:\/\/www.restech.it\/?s={search_term_string}"},"query-input":{"@type":"PropertyValueSpecification","valueRequired":true,"valueName":"search_term_string"}}],"inLanguage":"it-IT"}]}},"_links":{"self":[{"href":"https:\/\/restech.it\/it\/wp-json\/wp\/v2\/pages\/2500","targetHints":{"allow":["GET"]}}],"collection":[{"href":"https:\/\/restech.it\/it\/wp-json\/wp\/v2\/pages"}],"about":[{"href":"https:\/\/restech.it\/it\/wp-json\/wp\/v2\/types\/page"}],"author":[{"embeddable":true,"href":"https:\/\/restech.it\/it\/wp-json\/wp\/v2\/users\/2"}],"replies":[{"embeddable":true,"href":"https:\/\/restech.it\/it\/wp-json\/wp\/v2\/comments?post=2500"}],"version-history":[{"count":8,"href":"https:\/\/restech.it\/it\/wp-json\/wp\/v2\/pages\/2500\/revisions"}],"predecessor-version":[{"id":3143,"href":"https:\/\/restech.it\/it\/wp-json\/wp\/v2\/pages\/2500\/revisions\/3143"}],"wp:attachment":[{"href":"https:\/\/restech.it\/it\/wp-json\/wp\/v2\/media?parent=2500"}],"curies":[{"name":"wp","href":"https:\/\/api.w.org\/{rel}","templated":true}]}}